{"id":57,"date":"2024-12-29T15:35:55","date_gmt":"2024-12-29T15:35:55","guid":{"rendered":"https:\/\/thestudioby.com\/?page_id=57"},"modified":"2025-12-12T20:00:36","modified_gmt":"2025-12-12T20:00:36","slug":"politiche-di-privacy","status":"publish","type":"page","link":"https:\/\/thestudioby.com\/it\/politiche-di-privacy\/","title":{"rendered":"Informativa sulla privacy - Rimborsi"},"content":{"rendered":"<div data-elementor-type=\"wp-page\" data-elementor-id=\"57\" class=\"elementor elementor-57\" data-elementor-post-type=\"page\">\n\t\t\t\t<div class=\"elementor-element elementor-element-f4f7314 e-flex e-con-boxed e-con e-parent\" data-id=\"f4f7314\" data-element_type=\"container\" data-e-type=\"container\">\n\t\t\t\t\t<div class=\"e-con-inner\">\n\t\t\t\t<div class=\"elementor-element elementor-element-d9e3c2e elementor-widget elementor-widget-heading\" data-id=\"d9e3c2e\" data-element_type=\"widget\" data-e-type=\"widget\" data-widget_type=\"heading.default\">\n\t\t\t\t<div class=\"elementor-widget-container\">\n\t\t\t\t\t<h1 class=\"elementor-heading-title elementor-size-default\">Politiche sulla privacy<\/h1>\t\t\t\t<\/div>\n\t\t\t\t<\/div>\n\t\t\t\t<div class=\"elementor-element elementor-element-248034a elementor-widget elementor-widget-text-editor\" data-id=\"248034a\" data-element_type=\"widget\" data-e-type=\"widget\" data-widget_type=\"text-editor.default\">\n\t\t\t\t<div class=\"elementor-widget-container\">\n\t\t\t\t\t\t\t\t\t<p>\u00a0pu\u00f2 optare per un sistema di Double Opt-In List, che comporta una doppia convalida. La procedura di Double Opt-In List prevede che l'utente si registri o inserisca i propri dati attraverso il modulo web e che la registrazione sul sito web venga immediatamente confermata. Inoltre, l'ente invier\u00e0 un'e-mail di conferma per verificare che l'e-mail inserita nel modulo web sia valida. Una volta ricevuta questa e-mail, il destinatario dovr\u00e0 convalidarla. In questo modo, l'entit\u00e0 avr\u00e0 la prova che l'e-mail inserita \u00e8 valida ed esistente. Se The Studio By effettua comunicazioni commerciali tramite e-mail o mezzi di comunicazione equivalenti, deve rispettare e conformarsi alle disposizioni della Legge 34\/2002, dell'11 luglio, sui Servizi della Societ\u00e0 dell'Informazione e il Commercio Elettronico. Se The Studio By dispone di un sito web e contiene moduli di raccolta dati in modo che gli utenti della pagina possano contattare l'entit\u00e0 o inviare le loro domande e suggerimenti, deve rispettare i requisiti legali in materia di protezione dei dati. In questo caso, \u00e8 possibile inserire la seguente clausola in fondo al modulo: Ai sensi della normativa vigente e applicabile in materia di protezione dei dati personali, La informiamo che i Suoi dati saranno inseriti nel sistema di trattamento di propriet\u00e0 di The Studio By con CIF -- e sede legale a Gunnersbury, W5, Londra, Regno Unito, e che le rispettive finalit\u00e0, i periodi di conservazione e le basi legittime sono elencate di seguito. Per i trattamenti che lo richiedono, vi informiamo anche della possibile creazione di profili e decisioni automatizzate, nonch\u00e9 delle possibili cessioni e trasferimenti internazionali che The Studio By intende effettuare:<\/p><p>- Scopo: Rispondere alle vostre domande e\/o richieste e Installazione dei cookie<\/p><p>- Periodo di conservazione: Per tutto il tempo in cui viene mantenuto il consenso dato.<\/p><p>- Base giuridica: Il consenso dell'interessato.<\/p><p>In conformit\u00e0 ai diritti conferiti dalla normativa vigente e applicabile in materia di protezione dei dati, l'utente pu\u00f2 esercitare i diritti di accesso, rettifica, limitazione del trattamento, cancellazione (\"diritto all'oblio\"), portabilit\u00e0 e opposizione al trattamento dei propri dati personali, nonch\u00e9 la revoca del consenso prestato per il trattamento degli stessi, indirizzando la propria richiesta all'indirizzo Gunnersbury, W5, Londra, Regno Unito o all'indirizzo e-mail info@thestudioby.com. Potr\u00e0 rivolgersi all'Autorit\u00e0 di controllo competente per presentare qualsiasi reclamo ritenga opportuno. I dati contrassegnati da un segno di spunta (*) sono considerati campi obbligatori e richiesti e sono pertanto ritenuti necessari per adempiere alle finalit\u00e0 di cui sopra. Inviando il modulo di raccolta dati, si accetta la politica sulla privacy di The Studio By. Queste sono le nostre politiche sulla privacy.<\/p><p><strong>RESTITUZIONI<\/strong>:<span style=\"font-family: var( --e-global-typography-959025e-font-family ), Sans-serif; font-size: var( --e-global-typography-959025e-font-size ); text-align: var(--text-align);\">\u00a0<\/span><\/p><p>Si prega di notare che <strong data-start=\"107\" data-end=\"130\">tutte le vendite sono definitive<\/strong>. <strong data-start=\"132\" data-end=\"180\">Le carte regalo non sono rimborsabili una volta acquistate<\/strong>, e <strong data-start=\"186\" data-end=\"258\">non \u00e8 possibile effettuare rimborsi dopo che il pagamento \u00e8 stato effettuato per qualsiasi sessione<\/strong>. Poich\u00e9 i nostri servizi sono altamente personalizzati e forniti direttamente all'individuo, questa politica garantisce la massima trasparenza e professionalit\u00e0 per entrambe le parti.<\/p>\t\t\t\t\t\t\t\t<\/div>\n\t\t\t\t<\/div>\n\t\t\t\t\t<\/div>\n\t\t\t\t<\/div>\n\t\t\t\t<\/div>","protected":false},"excerpt":{"rendered":"<p>Privacy Policies \u00a0may opt for a Double Opt-In List system, which will involve double validation. The Double Opt-In List procedure consists of the user registering or entering their data through the web form, and the registration on the website will be immediately confirmed. Additionally, the entity will send a confirmation email to verify that the [&hellip;]<\/p>","protected":false},"author":1,"featured_media":0,"parent":0,"menu_order":0,"comment_status":"closed","ping_status":"closed","template":"elementor_header_footer","meta":{"_acf_changed":false,"_joinchat":[],"footnotes":""},"class_list":["post-57","page","type-page","status-publish","hentry"],"acf":[],"_links":{"self":[{"href":"https:\/\/thestudioby.com\/it\/wp-json\/wp\/v2\/pages\/57","targetHints":{"allow":["GET"]}}],"collection":[{"href":"https:\/\/thestudioby.com\/it\/wp-json\/wp\/v2\/pages"}],"about":[{"href":"https:\/\/thestudioby.com\/it\/wp-json\/wp\/v2\/types\/page"}],"author":[{"embeddable":true,"href":"https:\/\/thestudioby.com\/it\/wp-json\/wp\/v2\/users\/1"}],"replies":[{"embeddable":true,"href":"https:\/\/thestudioby.com\/it\/wp-json\/wp\/v2\/comments?post=57"}],"version-history":[{"count":21,"href":"https:\/\/thestudioby.com\/it\/wp-json\/wp\/v2\/pages\/57\/revisions"}],"predecessor-version":[{"id":9070,"href":"https:\/\/thestudioby.com\/it\/wp-json\/wp\/v2\/pages\/57\/revisions\/9070"}],"wp:attachment":[{"href":"https:\/\/thestudioby.com\/it\/wp-json\/wp\/v2\/media?parent=57"}],"curies":[{"name":"wp","href":"https:\/\/api.w.org\/{rel}","templated":true}]}}