{"id":7811,"date":"2024-11-16T20:01:07","date_gmt":"2024-11-16T20:01:07","guid":{"rendered":"https:\/\/thestudioby.com\/?post_type=product&#038;p=7811"},"modified":"2025-05-31T15:13:47","modified_gmt":"2025-05-31T13:13:47","slug":"r-e-v-o-l-u-c-i-o-n","status":"publish","type":"product","link":"https:\/\/thestudioby.com\/es\/producto\/r-e-v-o-l-u-c-i-o-n\/","title":{"rendered":"R E V O L U T I O N"},"content":{"rendered":"<div class=\"et_pb_module et_pb_wc_description et_pb_wc_description_0 et_pb_bg_layout_light  et_pb_text_align_left\">\n<div class=\"et_pb_module_inner\">\n<div class=\"et_pb_all_tabs\">\n<div class=\"et_pb_tab clearfix et_pb_active_content et-pb-active-slide\">\n<div class=\"et_pb_tab_content\">\n<p>Incluye una sesi\u00f3n de an\u00e1lisis del color y un an\u00e1lisis de la forma corporal O facial.<\/p>\n<p>Sorprenda a alguien con un regalo que nunca pasa de moda.<\/p>\n<\/div>\n<\/div>\n<\/div>\n<\/div>\n<\/div>","protected":false},"excerpt":{"rendered":"<p>Este paquete personalizado de an\u00e1lisis de color y forma corporal O facial te dar\u00e1 la clave para innovar tu estilo partiendo de tus mejores colores y cortes para vestir.<\/p>","protected":false},"featured_media":7537,"template":"","meta":{"_acf_changed":false,"_joinchat":[]},"product_brand":[],"product_cat":[68],"product_tag":[61,62],"class_list":{"0":"post-7811","1":"product","2":"type-product","3":"status-publish","4":"has-post-thumbnail","6":"product_cat-boxes","7":"product_tag-colour-analysis","8":"product_tag-giftcard","10":"first","11":"instock","12":"virtual","13":"purchasable","14":"product-type-simple"},"acf":[],"_links":{"self":[{"href":"https:\/\/thestudioby.com\/es\/wp-json\/wp\/v2\/product\/7811","targetHints":{"allow":["GET"]}}],"collection":[{"href":"https:\/\/thestudioby.com\/es\/wp-json\/wp\/v2\/product"}],"about":[{"href":"https:\/\/thestudioby.com\/es\/wp-json\/wp\/v2\/types\/product"}],"wp:featuredmedia":[{"embeddable":true,"href":"https:\/\/thestudioby.com\/es\/wp-json\/wp\/v2\/media\/7537"}],"wp:attachment":[{"href":"https:\/\/thestudioby.com\/es\/wp-json\/wp\/v2\/media?parent=7811"}],"wp:term":[{"taxonomy":"product_brand","embeddable":true,"href":"https:\/\/thestudioby.com\/es\/wp-json\/wp\/v2\/product_brand?post=7811"},{"taxonomy":"product_cat","embeddable":true,"href":"https:\/\/thestudioby.com\/es\/wp-json\/wp\/v2\/product_cat?post=7811"},{"taxonomy":"product_tag","embeddable":true,"href":"https:\/\/thestudioby.com\/es\/wp-json\/wp\/v2\/product_tag?post=7811"}],"curies":[{"name":"wp","href":"https:\/\/api.w.org\/{rel}","templated":true}]}}