{"id":7808,"date":"2024-11-16T19:46:31","date_gmt":"2024-11-16T19:46:31","guid":{"rendered":"https:\/\/thestudioby.com\/?post_type=product&amp;p=7808"},"modified":"2024-11-16T19:46:31","modified_gmt":"2024-11-16T19:46:31","slug":"analisis-cromatico-forma-corporal-y-facial","status":"publish","type":"product","link":"https:\/\/thestudioby.com\/es\/producto\/analisis-cromatico-forma-corporal-y-facial\/","title":{"rendered":"A M A T I"},"content":{"rendered":"<p>Incluye: sesi\u00f3n de an\u00e1lisis del color, an\u00e1lisis de la forma del rostro y an\u00e1lisis de la forma del cuerpo.<\/p>\n<p>Sorprenda a alguien con un regalo que nunca pasa de moda.<\/p>","protected":false},"excerpt":{"rendered":"<p>Este extraordinario paquete ayuda a resaltar su belleza natural con los colores, formas y detalles adecuados.<\/p>","protected":false},"featured_media":7526,"template":"","meta":{"_acf_changed":false,"_joinchat":[]},"product_brand":[],"product_cat":[68],"product_tag":[61,62],"class_list":{"0":"post-7808","1":"product","2":"type-product","3":"status-publish","4":"has-post-thumbnail","6":"product_cat-boxes","7":"product_tag-colour-analysis","8":"product_tag-giftcard","10":"first","11":"instock","12":"virtual","13":"purchasable","14":"product-type-simple"},"acf":[],"_links":{"self":[{"href":"https:\/\/thestudioby.com\/es\/wp-json\/wp\/v2\/product\/7808","targetHints":{"allow":["GET"]}}],"collection":[{"href":"https:\/\/thestudioby.com\/es\/wp-json\/wp\/v2\/product"}],"about":[{"href":"https:\/\/thestudioby.com\/es\/wp-json\/wp\/v2\/types\/product"}],"wp:featuredmedia":[{"embeddable":true,"href":"https:\/\/thestudioby.com\/es\/wp-json\/wp\/v2\/media\/7526"}],"wp:attachment":[{"href":"https:\/\/thestudioby.com\/es\/wp-json\/wp\/v2\/media?parent=7808"}],"wp:term":[{"taxonomy":"product_brand","embeddable":true,"href":"https:\/\/thestudioby.com\/es\/wp-json\/wp\/v2\/product_brand?post=7808"},{"taxonomy":"product_cat","embeddable":true,"href":"https:\/\/thestudioby.com\/es\/wp-json\/wp\/v2\/product_cat?post=7808"},{"taxonomy":"product_tag","embeddable":true,"href":"https:\/\/thestudioby.com\/es\/wp-json\/wp\/v2\/product_tag?post=7808"}],"curies":[{"name":"wp","href":"https:\/\/api.w.org\/{rel}","templated":true}]}}