{"id":7655,"date":"2024-10-02T22:52:39","date_gmt":"2024-10-02T22:52:39","guid":{"rendered":"https:\/\/thestudioby.com\/?post_type=product&#038;p=7655"},"modified":"2025-05-31T15:14:33","modified_gmt":"2025-05-31T13:14:33","slug":"tarjeta-regalo-analisis-del-color-forma-del-cuerpo","status":"publish","type":"product","link":"https:\/\/thestudioby.com\/es\/producto\/tarjeta-regalo-analisis-del-color-forma-del-cuerpo\/","title":{"rendered":"A L L U R E"},"content":{"rendered":"<div class=\"et_pb_all_tabs\">\n<div class=\"et_pb_tab clearfix et_pb_active_content et-pb-active-slide\">\n<div class=\"et_pb_tab_content\">\n<p>Incluye una sesi\u00f3n sobre la forma del cuerpo y un an\u00e1lisis de la forma del rostro.<\/p>\n<p>Sorprenda a alguien con un regalo que nunca pasa de moda.<\/p>\n<\/div>\n<\/div>\n<\/div>","protected":false},"excerpt":{"rendered":"<p>Este paquete de formas personalizadas aumentar\u00e1 tu confianza, ya que sabr\u00e1s qu\u00e9 ponerte en cuanto a: mejores cortes de faldas y pantalones, escotes y cortes de pelo ideales, pero tambi\u00e9n qu\u00e9 tipo de gafas de sol y detalles son los que mejor se adaptan a tus rasgos.<\/p>","protected":false},"featured_media":7529,"template":"","meta":{"_acf_changed":false,"_joinchat":[]},"product_brand":[],"product_cat":[68],"product_tag":[61,62],"class_list":{"0":"post-7655","1":"product","2":"type-product","3":"status-publish","4":"has-post-thumbnail","6":"product_cat-boxes","7":"product_tag-colour-analysis","8":"product_tag-giftcard","10":"first","11":"instock","12":"virtual","13":"purchasable","14":"product-type-simple"},"acf":[],"_links":{"self":[{"href":"https:\/\/thestudioby.com\/es\/wp-json\/wp\/v2\/product\/7655","targetHints":{"allow":["GET"]}}],"collection":[{"href":"https:\/\/thestudioby.com\/es\/wp-json\/wp\/v2\/product"}],"about":[{"href":"https:\/\/thestudioby.com\/es\/wp-json\/wp\/v2\/types\/product"}],"wp:featuredmedia":[{"embeddable":true,"href":"https:\/\/thestudioby.com\/es\/wp-json\/wp\/v2\/media\/7529"}],"wp:attachment":[{"href":"https:\/\/thestudioby.com\/es\/wp-json\/wp\/v2\/media?parent=7655"}],"wp:term":[{"taxonomy":"product_brand","embeddable":true,"href":"https:\/\/thestudioby.com\/es\/wp-json\/wp\/v2\/product_brand?post=7655"},{"taxonomy":"product_cat","embeddable":true,"href":"https:\/\/thestudioby.com\/es\/wp-json\/wp\/v2\/product_cat?post=7655"},{"taxonomy":"product_tag","embeddable":true,"href":"https:\/\/thestudioby.com\/es\/wp-json\/wp\/v2\/product_tag?post=7655"}],"curies":[{"name":"wp","href":"https:\/\/api.w.org\/{rel}","templated":true}]}}