{"id":7461,"date":"2024-09-16T15:45:37","date_gmt":"2024-09-16T15:45:37","guid":{"rendered":"https:\/\/thestudioby.com\/?post_type=product&#038;p=7461"},"modified":"2025-05-31T15:15:07","modified_gmt":"2025-05-31T13:15:07","slug":"tarjeta-regalo-analisis-visage","status":"publish","type":"product","link":"https:\/\/thestudioby.com\/es\/producto\/tarjeta-regalo-analisis-visage\/","title":{"rendered":"R O S T R O"},"content":{"rendered":"<div class=\"et_pb_all_tabs\">\n<div class=\"et_pb_tab clearfix et_pb_active_content et-pb-active-slide\">\n<div class=\"et_pb_tab_content\">\n<p>Descubra la belleza de la armon\u00eda facial con el <strong>Tarjeta regalo An\u00e1lisis Visage<\/strong>. Esta sesi\u00f3n personalizada ayuda a los clientes a comprender las caracter\u00edsticas \u00fanicas de la forma de su rostro y c\u00f3mo realzarlas con los peinados, accesorios y maquillaje adecuados. Perfecta para cualquiera que busque resaltar su belleza natural y conseguir un look equilibrado y favorecedor que complemente sus rasgos. Este an\u00e1lisis proporciona una visi\u00f3n inestimable sobre c\u00f3mo crear un aspecto cohesionado y pulido cada d\u00eda.<\/p>\n<p>Regale confianza y armon\u00eda facial con esta experiencia a medida.<\/p>\n<\/div>\n<\/div>\n<\/div>","protected":false},"excerpt":{"rendered":"<p>Realce su belleza natural con un An\u00e1lisis Visage personalizado. Esta sesi\u00f3n ofrece asesoramiento experto sobre peinados, accesorios y maquillaje adaptados a la forma \u00fanica de tu rostro.<\/p>","protected":false},"featured_media":7522,"template":"","meta":{"_acf_changed":false,"_joinchat":[]},"product_brand":[],"product_cat":[63],"product_tag":[],"class_list":{"0":"post-7461","1":"product","2":"type-product","3":"status-publish","4":"has-post-thumbnail","6":"product_cat-sessions","8":"first","9":"instock","10":"shipping-taxable","11":"purchasable","12":"product-type-simple"},"acf":[],"_links":{"self":[{"href":"https:\/\/thestudioby.com\/es\/wp-json\/wp\/v2\/product\/7461","targetHints":{"allow":["GET"]}}],"collection":[{"href":"https:\/\/thestudioby.com\/es\/wp-json\/wp\/v2\/product"}],"about":[{"href":"https:\/\/thestudioby.com\/es\/wp-json\/wp\/v2\/types\/product"}],"wp:featuredmedia":[{"embeddable":true,"href":"https:\/\/thestudioby.com\/es\/wp-json\/wp\/v2\/media\/7522"}],"wp:attachment":[{"href":"https:\/\/thestudioby.com\/es\/wp-json\/wp\/v2\/media?parent=7461"}],"wp:term":[{"taxonomy":"product_brand","embeddable":true,"href":"https:\/\/thestudioby.com\/es\/wp-json\/wp\/v2\/product_brand?post=7461"},{"taxonomy":"product_cat","embeddable":true,"href":"https:\/\/thestudioby.com\/es\/wp-json\/wp\/v2\/product_cat?post=7461"},{"taxonomy":"product_tag","embeddable":true,"href":"https:\/\/thestudioby.com\/es\/wp-json\/wp\/v2\/product_tag?post=7461"}],"curies":[{"name":"wp","href":"https:\/\/api.w.org\/{rel}","templated":true}]}}