{"id":7444,"date":"2024-09-16T12:14:17","date_gmt":"2024-09-16T12:14:17","guid":{"rendered":"https:\/\/thestudioby.com\/?post_type=product&amp;p=7444"},"modified":"2024-09-16T12:14:17","modified_gmt":"2024-09-16T12:14:17","slug":"tarjeta-regalo-analisis-del-armario","status":"publish","type":"product","link":"https:\/\/thestudioby.com\/es\/producto\/tarjeta-regalo-analisis-del-armario\/","title":{"rendered":"A R M A R I O"},"content":{"rendered":"<p>Transforma tu armario con el <strong>Tarjeta regalo An\u00e1lisis de Vestuario<\/strong>. Esta sesi\u00f3n personalizada est\u00e1 dise\u00f1ada para ayudar a los clientes a sacar el m\u00e1ximo partido de su armario existente mediante la identificaci\u00f3n de piezas clave, la creaci\u00f3n de nuevos conjuntos y la determinaci\u00f3n de los art\u00edculos que faltan. Es perfecto para cualquiera que desee renovar su estilo, reducir el desorden y crear un armario vers\u00e1til que se adapte a su estilo de vida y a la forma de su cuerpo. Es el regalo definitivo para quienes desean redescubrir su estilo sin empezar de cero.<\/p>\n<p>Regale un armario fresco y organizado y una inyecci\u00f3n de confianza en su estilo.<\/p>","protected":false},"excerpt":{"rendered":"<p>Esta sesi\u00f3n de An\u00e1lisis de Vestuario ayuda a organizar, racionalizar y maximizar el vestuario existente, facilitando la creaci\u00f3n de conjuntos elegantes con facilidad.<\/p>","protected":false},"featured_media":7637,"template":"","meta":{"_acf_changed":false,"_joinchat":[]},"product_brand":[],"product_cat":[63],"product_tag":[62,65],"class_list":{"0":"post-7444","1":"product","2":"type-product","3":"status-publish","4":"has-post-thumbnail","6":"product_cat-sessions","7":"product_tag-giftcard","8":"product_tag-wardrobe","10":"first","11":"instock","12":"virtual","13":"purchasable","14":"product-type-simple"},"acf":[],"_links":{"self":[{"href":"https:\/\/thestudioby.com\/es\/wp-json\/wp\/v2\/product\/7444","targetHints":{"allow":["GET"]}}],"collection":[{"href":"https:\/\/thestudioby.com\/es\/wp-json\/wp\/v2\/product"}],"about":[{"href":"https:\/\/thestudioby.com\/es\/wp-json\/wp\/v2\/types\/product"}],"wp:featuredmedia":[{"embeddable":true,"href":"https:\/\/thestudioby.com\/es\/wp-json\/wp\/v2\/media\/7637"}],"wp:attachment":[{"href":"https:\/\/thestudioby.com\/es\/wp-json\/wp\/v2\/media?parent=7444"}],"wp:term":[{"taxonomy":"product_brand","embeddable":true,"href":"https:\/\/thestudioby.com\/es\/wp-json\/wp\/v2\/product_brand?post=7444"},{"taxonomy":"product_cat","embeddable":true,"href":"https:\/\/thestudioby.com\/es\/wp-json\/wp\/v2\/product_cat?post=7444"},{"taxonomy":"product_tag","embeddable":true,"href":"https:\/\/thestudioby.com\/es\/wp-json\/wp\/v2\/product_tag?post=7444"}],"curies":[{"name":"wp","href":"https:\/\/api.w.org\/{rel}","templated":true}]}}