{"id":7442,"date":"2024-09-16T12:01:13","date_gmt":"2024-09-16T12:01:13","guid":{"rendered":"https:\/\/thestudioby.com\/?post_type=product&amp;p=7442"},"modified":"2024-09-16T12:01:13","modified_gmt":"2024-09-16T12:01:13","slug":"analisis-del-color-de-las-tarjetas-regalo","status":"publish","type":"product","link":"https:\/\/thestudioby.com\/es\/producto\/analisis-del-color-de-las-tarjetas-regalo\/","title":{"rendered":"C O L O R"},"content":{"rendered":"<p>Regale color con un <strong>Tarjeta regalo An\u00e1lisis de color<\/strong>. Perfecta para cualquiera que desee descubrir los tonos que realzan su belleza natural, esta sesi\u00f3n personalizada ayuda a identificar la paleta de colores ideal para la ropa, el maquillaje y mucho m\u00e1s. Ya sea para ti o para un ser querido, esta tarjeta regalo es la forma perfecta de transformar y potenciar la confianza personal a trav\u00e9s del poder del color.<\/p>\n<p>Incluye una sesi\u00f3n de una hora + muestrario personal de colores + gu\u00eda b\u00e1sica de compras en pdf<\/p>\n<p>Sorprenda a alguien con un regalo que nunca pasa de moda.<\/p>","protected":false},"excerpt":{"rendered":"<p>Esta sesi\u00f3n personalizada de An\u00e1lisis del Color ayuda a resaltar la belleza natural y a aumentar la confianza.<\/p>","protected":false},"featured_media":7535,"template":"","meta":{"_acf_changed":false,"_joinchat":[]},"product_brand":[],"product_cat":[63],"product_tag":[61,62],"class_list":{"0":"post-7442","1":"product","2":"type-product","3":"status-publish","4":"has-post-thumbnail","6":"product_cat-sessions","7":"product_tag-colour-analysis","8":"product_tag-giftcard","10":"first","11":"instock","12":"virtual","13":"purchasable","14":"product-type-simple"},"acf":[],"_links":{"self":[{"href":"https:\/\/thestudioby.com\/es\/wp-json\/wp\/v2\/product\/7442","targetHints":{"allow":["GET"]}}],"collection":[{"href":"https:\/\/thestudioby.com\/es\/wp-json\/wp\/v2\/product"}],"about":[{"href":"https:\/\/thestudioby.com\/es\/wp-json\/wp\/v2\/types\/product"}],"wp:featuredmedia":[{"embeddable":true,"href":"https:\/\/thestudioby.com\/es\/wp-json\/wp\/v2\/media\/7535"}],"wp:attachment":[{"href":"https:\/\/thestudioby.com\/es\/wp-json\/wp\/v2\/media?parent=7442"}],"wp:term":[{"taxonomy":"product_brand","embeddable":true,"href":"https:\/\/thestudioby.com\/es\/wp-json\/wp\/v2\/product_brand?post=7442"},{"taxonomy":"product_cat","embeddable":true,"href":"https:\/\/thestudioby.com\/es\/wp-json\/wp\/v2\/product_cat?post=7442"},{"taxonomy":"product_tag","embeddable":true,"href":"https:\/\/thestudioby.com\/es\/wp-json\/wp\/v2\/product_tag?post=7442"}],"curies":[{"name":"wp","href":"https:\/\/api.w.org\/{rel}","templated":true}]}}