{"id":47,"date":"2024-12-29T15:27:21","date_gmt":"2024-12-29T15:27:21","guid":{"rendered":"https:\/\/thestudioby.com\/?page_id=47"},"modified":"2025-05-05T00:47:14","modified_gmt":"2025-05-04T22:47:14","slug":"aviso-legal","status":"publish","type":"page","link":"https:\/\/thestudioby.com\/es\/aviso-legal\/","title":{"rendered":"Aviso legal"},"content":{"rendered":"<div data-elementor-type=\"wp-page\" data-elementor-id=\"47\" class=\"elementor elementor-47\" data-elementor-post-type=\"page\">\n\t\t\t\t<div class=\"elementor-element elementor-element-5815766 e-flex e-con-boxed e-con e-parent\" data-id=\"5815766\" data-element_type=\"container\" data-e-type=\"container\">\n\t\t\t\t\t<div class=\"e-con-inner\">\n\t\t\t\t<div class=\"elementor-element elementor-element-99fcfb7 elementor-widget elementor-widget-heading\" data-id=\"99fcfb7\" data-element_type=\"widget\" data-e-type=\"widget\" data-widget_type=\"heading.default\">\n\t\t\t\t<div class=\"elementor-widget-container\">\n\t\t\t\t\t<h1 class=\"elementor-heading-title elementor-size-default\">Aviso legal<\/h1>\t\t\t\t<\/div>\n\t\t\t\t<\/div>\n\t\t\t\t<div class=\"elementor-element elementor-element-7053530 elementor-widget elementor-widget-text-editor\" data-id=\"7053530\" data-element_type=\"widget\" data-e-type=\"widget\" data-widget_type=\"text-editor.default\">\n\t\t\t\t<div class=\"elementor-widget-container\">\n\t\t\t\t\t\t\t\t\t<p>Est\u00e1 visitando el sitio web (https:\/\/thestudioby.com)<\/p><p>Direcci\u00f3n: Gunnersbury, W5, Londres, Reino Unido<br \/>Tel\u00e9fono: +447709233702<br \/>Correo electr\u00f3nico: info@thestudioby.com<br \/>N\u00famero de identificaci\u00f3n fiscal: --<\/p>\t\t\t\t\t\t\t\t<\/div>\n\t\t\t\t<\/div>\n\t\t\t\t\t<\/div>\n\t\t\t\t<\/div>\n\t\t\t\t<\/div>","protected":false},"excerpt":{"rendered":"<p>Aviso legal Est\u00e1 visitando el sitio web () Direcci\u00f3n: Tel: Correo electr\u00f3nico: NIF:<\/p>","protected":false},"author":1,"featured_media":0,"parent":0,"menu_order":0,"comment_status":"closed","ping_status":"closed","template":"elementor_header_footer","meta":{"_acf_changed":false,"_joinchat":[],"footnotes":""},"class_list":["post-47","page","type-page","status-publish","hentry"],"acf":[],"_links":{"self":[{"href":"https:\/\/thestudioby.com\/es\/wp-json\/wp\/v2\/pages\/47","targetHints":{"allow":["GET"]}}],"collection":[{"href":"https:\/\/thestudioby.com\/es\/wp-json\/wp\/v2\/pages"}],"about":[{"href":"https:\/\/thestudioby.com\/es\/wp-json\/wp\/v2\/types\/page"}],"author":[{"embeddable":true,"href":"https:\/\/thestudioby.com\/es\/wp-json\/wp\/v2\/users\/1"}],"replies":[{"embeddable":true,"href":"https:\/\/thestudioby.com\/es\/wp-json\/wp\/v2\/comments?post=47"}],"version-history":[{"count":23,"href":"https:\/\/thestudioby.com\/es\/wp-json\/wp\/v2\/pages\/47\/revisions"}],"predecessor-version":[{"id":1293,"href":"https:\/\/thestudioby.com\/es\/wp-json\/wp\/v2\/pages\/47\/revisions\/1293"}],"wp:attachment":[{"href":"https:\/\/thestudioby.com\/es\/wp-json\/wp\/v2\/media?parent=47"}],"curies":[{"name":"wp","href":"https:\/\/api.w.org\/{rel}","templated":true}]}}